{"id":23263,"date":"2025-02-26T15:37:21","date_gmt":"2025-02-26T20:37:21","guid":{"rendered":"https:\/\/www.shepherdsbooks.org\/product\/biblia-tailandesa-version-estandar-vinilo\/"},"modified":"2025-08-28T21:30:35","modified_gmt":"2025-08-29T01:30:35","slug":"biblia-tailandesa-version-estandar-vinilo","status":"publish","type":"product","link":"https:\/\/www.shepherdsbooks.org\/es\/product\/biblia-tailandesa-version-estandar-vinilo\/","title":{"rendered":"Biblia Tailandesa &#8211; Versi\u00f3n Est\u00e1ndar (Vinilo)"},"content":{"rendered":"<p data-start=\"0\" data-end=\"585\">La <strong data-start=\"4\" data-end=\"42\">Biblia Tailandesa Versi\u00f3n Est\u00e1ndar (TBSV)<\/strong> es una traducci\u00f3n bellamente elaborada y f\u00e1cil de leer que te acerca a la Palabra de Dios. Con <strong data-start=\"145\" data-end=\"159\">1658 p\u00e1ginas<\/strong> llenas de sabidur\u00eda que cambia la vida, esta Biblia te ayuda a fortalecer tu fe y a conectar profundamente con Jes\u00fas. Su lenguaje claro y accesible la hace perfecta para las personas de habla tailandesa que desean estudiar las Escrituras m\u00e1s \u00edntimamente. Tanto si eres nuevo en la Biblia como si has sido creyente durante mucho tiempo, la TBSV te gu\u00eda en tu viaje espiritual, ofreci\u00e9ndote consuelo, direcci\u00f3n y la alegr\u00eda del amor de Dios en tu vida.   <\/p>\n<p data-start=\"587\" data-end=\"878\" data-is-last-node=\"\" data-is-only-node=\"\">Ideal para el estudio personal, las lecturas b\u00edblicas en grupo o para regalar, esta Biblia es una valiosa herramienta para cualquiera que busque crecer espiritualmente y vivir en consonancia con las ense\u00f1anzas de Dios. Adopta el poder transformador de la <strong data-start=\"800\" data-end=\"831\">Versi\u00f3n Est\u00e1ndar de la Biblia tailandesa<\/strong> y experimenta hoy un caminar m\u00e1s cercano a Jes\u00fas. <\/p>\n","protected":false},"excerpt":{"rendered":"<p>La Biblia Tailandesa Versi\u00f3n Est\u00e1ndar (TBSV) es una traducci\u00f3n bellamente elaborada y f\u00e1cil de leer que te acerca a la Palabra de Dios. Con 1658 p\u00e1ginas llenas de sabidur\u00eda que cambia la vida, esta Biblia te ayuda a fortalecer tu fe y a conectar profundamente con Jes\u00fas. Su lenguaje claro y accesible la hace perfecta [&hellip;]<\/p>\n","protected":false},"featured_media":16952,"comment_status":"open","ping_status":"closed","template":"","meta":{"_kad_blocks_custom_css":"","_kad_blocks_head_custom_js":"","_kad_blocks_body_custom_js":"","_kad_blocks_footer_custom_js":""},"product_brand":[],"product_cat":[360],"product_tag":[],"class_list":{"0":"post-23263","1":"product","2":"type-product","3":"status-publish","4":"has-post-thumbnail","6":"product_cat-tailandes","8":"first","9":"outofstock","10":"taxable","11":"shipping-taxable","12":"purchasable","13":"product-type-simple"},"taxonomy_info":{"product_cat":[{"value":360,"label":"Tailand\u00e9s"}]},"featured_image_src_large":["https:\/\/www.shepherdsbooks.org\/wp-content\/uploads\/1.png",1000,1000,false],"author_info":[],"comment_info":0,"_links":{"self":[{"href":"https:\/\/www.shepherdsbooks.org\/es\/wp-json\/wp\/v2\/product\/23263","targetHints":{"allow":["GET"]}}],"collection":[{"href":"https:\/\/www.shepherdsbooks.org\/es\/wp-json\/wp\/v2\/product"}],"about":[{"href":"https:\/\/www.shepherdsbooks.org\/es\/wp-json\/wp\/v2\/types\/product"}],"replies":[{"embeddable":true,"href":"https:\/\/www.shepherdsbooks.org\/es\/wp-json\/wp\/v2\/comments?post=23263"}],"wp:featuredmedia":[{"embeddable":true,"href":"https:\/\/www.shepherdsbooks.org\/es\/wp-json\/wp\/v2\/media\/16952"}],"wp:attachment":[{"href":"https:\/\/www.shepherdsbooks.org\/es\/wp-json\/wp\/v2\/media?parent=23263"}],"wp:term":[{"taxonomy":"product_brand","embeddable":true,"href":"https:\/\/www.shepherdsbooks.org\/es\/wp-json\/wp\/v2\/product_brand?post=23263"},{"taxonomy":"product_cat","embeddable":true,"href":"https:\/\/www.shepherdsbooks.org\/es\/wp-json\/wp\/v2\/product_cat?post=23263"},{"taxonomy":"product_tag","embeddable":true,"href":"https:\/\/www.shepherdsbooks.org\/es\/wp-json\/wp\/v2\/product_tag?post=23263"}],"curies":[{"name":"wp","href":"https:\/\/api.w.org\/{rel}","templated":true}]}}