{"id":23306,"date":"2024-11-15T10:22:35","date_gmt":"2024-11-15T15:22:35","guid":{"rendered":"https:\/\/www.shepherdsbooks.org\/product\/espanol-biblia-arbol-de-la-vida-con-devociones-de-los-salmos-bonded-leather\/"},"modified":"2025-08-28T21:32:40","modified_gmt":"2025-08-29T01:32:40","slug":"espanol-biblia-arbol-de-la-vida-con-devociones-de-los-salmos-bonded-leather","status":"publish","type":"product","link":"https:\/\/www.shepherdsbooks.org\/es\/product\/espanol-biblia-arbol-de-la-vida-con-devociones-de-los-salmos-bonded-leather\/","title":{"rendered":"Espa\u00f1ol &#8211; Biblia \u00c1rbol de la Vida con Devociones de los Salmos (Bonded Leather)"},"content":{"rendered":"<p>Se trata de una traducci\u00f3n erudita de toda la Biblia realizada por la Sociedad B\u00edblica de la Familia Jud\u00eda Mesi\u00e1nica. Tiene varias caracter\u00edsticas \u00fanicas, como el uso de t\u00e9rminos hebreos en lugar de sus equivalentes en ingl\u00e9s, lo que la hace m\u00e1s significativa para los jud\u00edos modernos de habla inglesa y para otros que disfrutan con algo de hebreo. Tambi\u00e9n utiliza el orden tradicional jud\u00edo de los libros del Antiguo Testamento, en lugar del orden de la mayor\u00eda de las Biblias inglesas actuales. Esta edici\u00f3n espec\u00edfica contiene devocionales de los Salmos.   <\/p>\n","protected":false},"excerpt":{"rendered":"<p>Devoluciones en 30 d\u00edas | Gastos de env\u00edo a tanto alzado<\/p>\n","protected":false},"featured_media":13056,"comment_status":"open","ping_status":"closed","template":"","meta":{"_kad_blocks_custom_css":"","_kad_blocks_head_custom_js":"","_kad_blocks_body_custom_js":"","_kad_blocks_footer_custom_js":""},"product_brand":[],"product_cat":[539],"product_tag":[],"class_list":{"0":"post-23306","1":"product","2":"type-product","3":"status-publish","4":"has-post-thumbnail","6":"product_cat-ingles","8":"first","9":"instock","10":"taxable","11":"shipping-taxable","12":"purchasable","13":"product-type-simple"},"taxonomy_info":{"product_cat":[{"value":539,"label":"Ingl\u00e9s"}]},"featured_image_src_large":["https:\/\/www.shepherdsbooks.org\/wp-content\/uploads\/English\/ENGS1011\/english-brown-leatherette-bible-for-sale-tree-of-life-version-2.jpg",1000,1000,false],"author_info":[],"comment_info":0,"_links":{"self":[{"href":"https:\/\/www.shepherdsbooks.org\/es\/wp-json\/wp\/v2\/product\/23306","targetHints":{"allow":["GET"]}}],"collection":[{"href":"https:\/\/www.shepherdsbooks.org\/es\/wp-json\/wp\/v2\/product"}],"about":[{"href":"https:\/\/www.shepherdsbooks.org\/es\/wp-json\/wp\/v2\/types\/product"}],"replies":[{"embeddable":true,"href":"https:\/\/www.shepherdsbooks.org\/es\/wp-json\/wp\/v2\/comments?post=23306"}],"wp:featuredmedia":[{"embeddable":true,"href":"https:\/\/www.shepherdsbooks.org\/es\/wp-json\/wp\/v2\/media\/13056"}],"wp:attachment":[{"href":"https:\/\/www.shepherdsbooks.org\/es\/wp-json\/wp\/v2\/media?parent=23306"}],"wp:term":[{"taxonomy":"product_brand","embeddable":true,"href":"https:\/\/www.shepherdsbooks.org\/es\/wp-json\/wp\/v2\/product_brand?post=23306"},{"taxonomy":"product_cat","embeddable":true,"href":"https:\/\/www.shepherdsbooks.org\/es\/wp-json\/wp\/v2\/product_cat?post=23306"},{"taxonomy":"product_tag","embeddable":true,"href":"https:\/\/www.shepherdsbooks.org\/es\/wp-json\/wp\/v2\/product_tag?post=23306"}],"curies":[{"name":"wp","href":"https:\/\/api.w.org\/{rel}","templated":true}]}}