{"id":23386,"date":"2024-06-29T13:28:55","date_gmt":"2024-06-29T17:28:55","guid":{"rendered":"https:\/\/www.shepherdsbooks.org\/product\/biblia-contemporanea-en-persa-farsi-amarillo-tapa-dura\/"},"modified":"2025-10-13T14:31:21","modified_gmt":"2025-10-13T18:31:21","slug":"biblia-contemporanea-en-persa-farsi-amarillo-tapa-dura","status":"publish","type":"product","link":"https:\/\/www.shepherdsbooks.org\/es\/product\/biblia-contemporanea-en-persa-farsi-amarillo-tapa-dura\/","title":{"rendered":"Biblia Contempor\u00e1nea en Persa (Farsi) (Amarillo) Tapa dura"},"content":{"rendered":"<p>Una hermosa Biblia completa en persa, tambi\u00e9n conocido como farsi, en la fluida escritura persa. Es la principal lengua hablada en Ir\u00e1n y la hablan 355 millones de personas en todo el mundo. Este libro explicar\u00e1 el camino de la vida a quienes lo busquen. Esta Biblia en persa\/farsi est\u00e1 a la venta in situ en la Copa del Pastor o en l\u00ednea.   <\/p>\n<p>Descubre la vibrante y contempor\u00e1nea Biblia en farsi a la venta, disponible en una llamativa tapa dura amarilla. Esta edici\u00f3n aporta un toque moderno a las escrituras intemporales, lo que la convierte en una opci\u00f3n ideal para quienes buscan una forma fresca y atractiva de conectar con su fe. La duradera tapa dura no s\u00f3lo garantiza su longevidad, sino que tambi\u00e9n a\u00f1ade un toque de elegancia a tu estanter\u00eda o espacio de estudio. Tanto si buscas profundizar en tu comprensi\u00f3n personal como compartir este preciado libro con tus seres queridos, esta Biblia en farsi en venta es la mezcla perfecta de tradici\u00f3n y modernidad. Abraza la belleza del dise\u00f1o contempor\u00e1neo y enriquece tu viaje espiritual con esta edici\u00f3n \u00fanica.    <\/p>\n","protected":false},"excerpt":{"rendered":"<p>Devoluciones en 30 d\u00edas | Gastos de env\u00edo a tanto alzado<\/p>\n","protected":false},"featured_media":21935,"comment_status":"open","ping_status":"closed","template":"","meta":{"_kad_blocks_custom_css":"","_kad_blocks_head_custom_js":"","_kad_blocks_body_custom_js":"","_kad_blocks_footer_custom_js":""},"product_brand":[],"product_cat":[540],"product_tag":[],"class_list":{"0":"post-23386","1":"product","2":"type-product","3":"status-publish","4":"has-post-thumbnail","6":"product_cat-persa-farsi","8":"first","9":"instock","10":"taxable","11":"shipping-taxable","12":"purchasable","13":"product-type-simple"},"taxonomy_info":{"product_cat":[{"value":540,"label":"Persa (farsi)"}]},"featured_image_src_large":["https:\/\/www.shepherdsbooks.org\/wp-content\/uploads\/4-13-1024x1024.png",1024,1024,true],"author_info":[],"comment_info":0,"_links":{"self":[{"href":"https:\/\/www.shepherdsbooks.org\/es\/wp-json\/wp\/v2\/product\/23386","targetHints":{"allow":["GET"]}}],"collection":[{"href":"https:\/\/www.shepherdsbooks.org\/es\/wp-json\/wp\/v2\/product"}],"about":[{"href":"https:\/\/www.shepherdsbooks.org\/es\/wp-json\/wp\/v2\/types\/product"}],"replies":[{"embeddable":true,"href":"https:\/\/www.shepherdsbooks.org\/es\/wp-json\/wp\/v2\/comments?post=23386"}],"wp:featuredmedia":[{"embeddable":true,"href":"https:\/\/www.shepherdsbooks.org\/es\/wp-json\/wp\/v2\/media\/21935"}],"wp:attachment":[{"href":"https:\/\/www.shepherdsbooks.org\/es\/wp-json\/wp\/v2\/media?parent=23386"}],"wp:term":[{"taxonomy":"product_brand","embeddable":true,"href":"https:\/\/www.shepherdsbooks.org\/es\/wp-json\/wp\/v2\/product_brand?post=23386"},{"taxonomy":"product_cat","embeddable":true,"href":"https:\/\/www.shepherdsbooks.org\/es\/wp-json\/wp\/v2\/product_cat?post=23386"},{"taxonomy":"product_tag","embeddable":true,"href":"https:\/\/www.shepherdsbooks.org\/es\/wp-json\/wp\/v2\/product_tag?post=23386"}],"curies":[{"name":"wp","href":"https:\/\/api.w.org\/{rel}","templated":true}]}}