{"id":23528,"date":"2024-08-05T14:11:27","date_gmt":"2024-08-05T18:11:27","guid":{"rendered":"https:\/\/www.shepherdsbooks.org\/product\/25-historias-biblicas-favoritas-en-nepali\/"},"modified":"2025-08-28T21:37:14","modified_gmt":"2025-08-29T01:37:14","slug":"25-historias-biblicas-favoritas-en-nepali","status":"publish","type":"product","link":"https:\/\/www.shepherdsbooks.org\/es\/product\/25-historias-biblicas-favoritas-en-nepali\/","title":{"rendered":"25 Historias b\u00edblicas favoritas en nepal\u00ed"},"content":{"rendered":"<p><span style=\"font-weight: 400;\">Este libro de relatos b\u00edblicos nepal\u00ed presenta un dise\u00f1o sereno con una imagen tranquilizadora de un hombre que sostiene una oveja sobre un fondo esc\u00e9nico. Ofrece beneficios espirituales al permitir a los lectores conocer mejor las historias de Jes\u00fas y aplicarlas a sus propias vidas. El peque\u00f1o formato en r\u00fastica lo hace c\u00f3modo para leer sobre la marcha. SKU es NEP1101     <\/span><\/p>\n","protected":false},"excerpt":{"rendered":"<p>Devoluciones gratuitas en 30 d\u00edas | Gastos de env\u00edo a tanto alzado<\/p>\n","protected":false},"featured_media":6772,"comment_status":"open","ping_status":"closed","template":"","meta":{"_kad_blocks_custom_css":"","_kad_blocks_head_custom_js":"","_kad_blocks_body_custom_js":"","_kad_blocks_footer_custom_js":""},"product_brand":[],"product_cat":[623],"product_tag":[],"class_list":{"0":"post-23528","1":"product","2":"type-product","3":"status-publish","4":"has-post-thumbnail","6":"product_cat-nepali-es","8":"first","9":"instock","10":"taxable","11":"shipping-taxable","12":"purchasable","13":"product-type-simple"},"taxonomy_info":{"product_cat":[{"value":623,"label":"Nepal\u00ed"}]},"featured_image_src_large":["https:\/\/www.shepherdsbooks.org\/wp-content\/uploads\/Nepali\/NEPL1101\/bible-stories-in-nepali.jpg",1000,1000,false],"author_info":[],"comment_info":0,"_links":{"self":[{"href":"https:\/\/www.shepherdsbooks.org\/es\/wp-json\/wp\/v2\/product\/23528","targetHints":{"allow":["GET"]}}],"collection":[{"href":"https:\/\/www.shepherdsbooks.org\/es\/wp-json\/wp\/v2\/product"}],"about":[{"href":"https:\/\/www.shepherdsbooks.org\/es\/wp-json\/wp\/v2\/types\/product"}],"replies":[{"embeddable":true,"href":"https:\/\/www.shepherdsbooks.org\/es\/wp-json\/wp\/v2\/comments?post=23528"}],"wp:featuredmedia":[{"embeddable":true,"href":"https:\/\/www.shepherdsbooks.org\/es\/wp-json\/wp\/v2\/media\/6772"}],"wp:attachment":[{"href":"https:\/\/www.shepherdsbooks.org\/es\/wp-json\/wp\/v2\/media?parent=23528"}],"wp:term":[{"taxonomy":"product_brand","embeddable":true,"href":"https:\/\/www.shepherdsbooks.org\/es\/wp-json\/wp\/v2\/product_brand?post=23528"},{"taxonomy":"product_cat","embeddable":true,"href":"https:\/\/www.shepherdsbooks.org\/es\/wp-json\/wp\/v2\/product_cat?post=23528"},{"taxonomy":"product_tag","embeddable":true,"href":"https:\/\/www.shepherdsbooks.org\/es\/wp-json\/wp\/v2\/product_tag?post=23528"}],"curies":[{"name":"wp","href":"https:\/\/api.w.org\/{rel}","templated":true}]}}