{"id":26267,"date":"2025-09-22T13:20:57","date_gmt":"2025-09-22T17:20:57","guid":{"rendered":"https:\/\/www.shepherdsbooks.org\/product\/persa-biblia-version-1895-tapa-dura-negra\/"},"modified":"2025-09-22T16:18:30","modified_gmt":"2025-09-22T20:18:30","slug":"persa-biblia-version-1895-tapa-dura-negra","status":"publish","type":"product","link":"https:\/\/www.shepherdsbooks.org\/es\/product\/persa-biblia-version-1895-tapa-dura-negra\/","title":{"rendered":"Persa, Biblia, Versi\u00f3n 1895 (Tapa dura negra)"},"content":{"rendered":"<p>Esta Biblia persa de tapa dura ofrece una excelente oportunidad para que t\u00fa o tu amigo de habla farsi os encontr\u00e9is con Jes\u00fas y los profetas por vosotros mismos. Este ejemplar de la palabra de Dios incluye cuatro mapas que te ayudar\u00e1n a localizar el contexto original de los acontecimientos. Realizada en los \u00faltimos a\u00f1os del siglo XIX, se trata de una traducci\u00f3n tradicional denominada Versi\u00f3n Persa Antigua. Tanto si quieres ver el mensaje de la Biblia por ti mismo como si quieres compartir la Palabra de Dios con un amigo, esta Biblia es una gran elecci\u00f3n.   <\/p>\n","protected":false},"excerpt":{"rendered":"<p>Esta Biblia persa de tapa dura ofrece una excelente oportunidad para que t\u00fa o tu amigo de habla farsi os encontr\u00e9is con Jes\u00fas y los profetas por vosotros mismos. Este ejemplar de la palabra de Dios incluye cuatro mapas que te ayudar\u00e1n a localizar el contexto original de los acontecimientos. Realizada en los \u00faltimos a\u00f1os [&hellip;]<\/p>\n","protected":false},"featured_media":26334,"comment_status":"open","ping_status":"closed","template":"","meta":{"_kad_blocks_custom_css":"","_kad_blocks_head_custom_js":"","_kad_blocks_body_custom_js":"","_kad_blocks_footer_custom_js":""},"product_brand":[],"product_cat":[540],"product_tag":[],"class_list":{"0":"post-26267","1":"product","2":"type-product","3":"status-publish","4":"has-post-thumbnail","6":"product_cat-persa-farsi","8":"first","9":"instock","10":"taxable","11":"shipping-taxable","12":"purchasable","13":"product-type-simple"},"taxonomy_info":{"product_cat":[{"value":540,"label":"Persa (farsi)"}]},"featured_image_src_large":["https:\/\/www.shepherdsbooks.org\/wp-content\/uploads\/1-23-1024x1024.png",1024,1024,true],"author_info":[],"comment_info":0,"_links":{"self":[{"href":"https:\/\/www.shepherdsbooks.org\/es\/wp-json\/wp\/v2\/product\/26267","targetHints":{"allow":["GET"]}}],"collection":[{"href":"https:\/\/www.shepherdsbooks.org\/es\/wp-json\/wp\/v2\/product"}],"about":[{"href":"https:\/\/www.shepherdsbooks.org\/es\/wp-json\/wp\/v2\/types\/product"}],"replies":[{"embeddable":true,"href":"https:\/\/www.shepherdsbooks.org\/es\/wp-json\/wp\/v2\/comments?post=26267"}],"wp:featuredmedia":[{"embeddable":true,"href":"https:\/\/www.shepherdsbooks.org\/es\/wp-json\/wp\/v2\/media\/26334"}],"wp:attachment":[{"href":"https:\/\/www.shepherdsbooks.org\/es\/wp-json\/wp\/v2\/media?parent=26267"}],"wp:term":[{"taxonomy":"product_brand","embeddable":true,"href":"https:\/\/www.shepherdsbooks.org\/es\/wp-json\/wp\/v2\/product_brand?post=26267"},{"taxonomy":"product_cat","embeddable":true,"href":"https:\/\/www.shepherdsbooks.org\/es\/wp-json\/wp\/v2\/product_cat?post=26267"},{"taxonomy":"product_tag","embeddable":true,"href":"https:\/\/www.shepherdsbooks.org\/es\/wp-json\/wp\/v2\/product_tag?post=26267"}],"curies":[{"name":"wp","href":"https:\/\/api.w.org\/{rel}","templated":true}]}}