{"id":26275,"date":"2025-09-22T14:26:40","date_gmt":"2025-09-22T18:26:40","guid":{"rendered":"https:\/\/www.shepherdsbooks.org\/product\/persa-biblia-version-del-nuevo-milenio-negra-cuero\/"},"modified":"2026-03-02T16:42:17","modified_gmt":"2026-03-02T21:42:17","slug":"persa-biblia-version-del-nuevo-milenio-negra-cuero","status":"publish","type":"product","link":"https:\/\/www.shepherdsbooks.org\/es\/product\/persa-biblia-version-del-nuevo-milenio-negra-cuero\/","title":{"rendered":"Biblia Persa (Versi\u00f3n del Nuevo Milenio, cuero)"},"content":{"rendered":"<p>Esta elegante Biblia persa es el regalo perfecto para tu amigo de habla farsi que quiera estudiar la Biblia por s\u00ed mismo. Con cuero aut\u00e9ntico, p\u00e1ginas doradas y una hermosa cruz dorada en la portada, esta Biblia es una excelente elecci\u00f3n para quienes respetan los libros sagrados. Esta Biblia tambi\u00e9n incluye seis mapas para ayudar al lector a situar los acontecimientos en su contexto geogr\u00e1fico original. En lugar de actualizar traducciones anteriores, la Versi\u00f3n del Nuevo Milenio es una traducci\u00f3n original a partir del griego y el hebreo, que proporciona una traducci\u00f3n f\u00e1cil de usar tanto para el cristiano como para el buscador. Tanto si quieres descubrir la historia de Jes\u00fas por ti mismo como si deseas compartir un bello ejemplar de la palabra de Dios con tu amigo buscador, \u00e9sta es una excelente elecci\u00f3n.    <\/p>\n","protected":false},"excerpt":{"rendered":"<p>Esta elegante Biblia persa es el regalo perfecto para tu amigo de habla farsi que quiera estudiar la Biblia por s\u00ed mismo. Con cuero aut\u00e9ntico, p\u00e1ginas doradas y una hermosa cruz dorada en la portada, esta Biblia es una excelente elecci\u00f3n para quienes respetan los libros sagrados. Esta Biblia tambi\u00e9n incluye seis mapas para ayudar [&hellip;]<\/p>\n","protected":false},"featured_media":26356,"comment_status":"open","ping_status":"closed","template":"","meta":{"_kad_blocks_custom_css":"","_kad_blocks_head_custom_js":"","_kad_blocks_body_custom_js":"","_kad_blocks_footer_custom_js":""},"product_brand":[],"product_cat":[540],"product_tag":[],"class_list":{"0":"post-26275","1":"product","2":"type-product","3":"status-publish","4":"has-post-thumbnail","6":"product_cat-persa-farsi","8":"first","9":"instock","10":"taxable","11":"shipping-taxable","12":"purchasable","13":"product-type-simple"},"taxonomy_info":{"product_cat":[{"value":540,"label":"Persa (farsi)"}]},"featured_image_src_large":["https:\/\/www.shepherdsbooks.org\/wp-content\/uploads\/7-12-1024x1024.png",1024,1024,true],"author_info":[],"comment_info":0,"_links":{"self":[{"href":"https:\/\/www.shepherdsbooks.org\/es\/wp-json\/wp\/v2\/product\/26275","targetHints":{"allow":["GET"]}}],"collection":[{"href":"https:\/\/www.shepherdsbooks.org\/es\/wp-json\/wp\/v2\/product"}],"about":[{"href":"https:\/\/www.shepherdsbooks.org\/es\/wp-json\/wp\/v2\/types\/product"}],"replies":[{"embeddable":true,"href":"https:\/\/www.shepherdsbooks.org\/es\/wp-json\/wp\/v2\/comments?post=26275"}],"wp:featuredmedia":[{"embeddable":true,"href":"https:\/\/www.shepherdsbooks.org\/es\/wp-json\/wp\/v2\/media\/26356"}],"wp:attachment":[{"href":"https:\/\/www.shepherdsbooks.org\/es\/wp-json\/wp\/v2\/media?parent=26275"}],"wp:term":[{"taxonomy":"product_brand","embeddable":true,"href":"https:\/\/www.shepherdsbooks.org\/es\/wp-json\/wp\/v2\/product_brand?post=26275"},{"taxonomy":"product_cat","embeddable":true,"href":"https:\/\/www.shepherdsbooks.org\/es\/wp-json\/wp\/v2\/product_cat?post=26275"},{"taxonomy":"product_tag","embeddable":true,"href":"https:\/\/www.shepherdsbooks.org\/es\/wp-json\/wp\/v2\/product_tag?post=26275"}],"curies":[{"name":"wp","href":"https:\/\/api.w.org\/{rel}","templated":true}]}}