{"id":26707,"date":"2025-10-08T14:04:43","date_gmt":"2025-10-08T18:04:43","guid":{"rendered":"https:\/\/www.shepherdsbooks.org\/product\/biblia-birmana-tapa-blanda-version-judson\/"},"modified":"2025-10-13T12:18:49","modified_gmt":"2025-10-13T16:18:49","slug":"biblia-birmana-tapa-blanda-version-judson","status":"publish","type":"product","link":"https:\/\/www.shepherdsbooks.org\/es\/product\/biblia-birmana-tapa-blanda-version-judson\/","title":{"rendered":"Biblia birmana (Tapa blanda, Versi\u00f3n Judson)"},"content":{"rendered":"<p>Este ejemplar birmano de la Palabra de Dios es una excelente oportunidad para conocer personalmente la historia del Evangelio. Esta Biblia est\u00e1 impresa en la versi\u00f3n Judson, la \u00abversi\u00f3n King James\u00bb del birmano, e incluye m\u00faltiples mapas, tablas y un \u00edndice para el pulgar, todo ello en un tama\u00f1o c\u00f3modo, f\u00e1cil de manejar pero lo bastante grande para leer con facilidad. Si buscas una Biblia tradicional birmana para tu lectura personal o para estudiar con un amigo, esta Biblia es una elecci\u00f3n excelente.  <\/p>\n","protected":false},"excerpt":{"rendered":"<p>Este ejemplar birmano de la Palabra de Dios es una excelente oportunidad para conocer personalmente la historia del Evangelio. Esta Biblia est\u00e1 impresa en la versi\u00f3n Judson, la \u00abversi\u00f3n King James\u00bb del birmano, e incluye m\u00faltiples mapas, tablas y un \u00edndice para el pulgar, todo ello en un tama\u00f1o c\u00f3modo, f\u00e1cil de manejar pero lo [&hellip;]<\/p>\n","protected":false},"featured_media":27150,"comment_status":"open","ping_status":"closed","template":"","meta":{"_kad_blocks_custom_css":"","_kad_blocks_head_custom_js":"","_kad_blocks_body_custom_js":"","_kad_blocks_footer_custom_js":""},"product_brand":[],"product_cat":[607],"product_tag":[],"class_list":{"0":"post-26707","1":"product","2":"type-product","3":"status-publish","4":"has-post-thumbnail","6":"product_cat-birmano","8":"first","9":"instock","10":"taxable","11":"shipping-taxable","12":"purchasable","13":"product-type-simple"},"taxonomy_info":{"product_cat":[{"value":607,"label":"Birmano"}]},"featured_image_src_large":["https:\/\/www.shepherdsbooks.org\/wp-content\/uploads\/17-3-1024x1024.png",1024,1024,true],"author_info":[],"comment_info":0,"_links":{"self":[{"href":"https:\/\/www.shepherdsbooks.org\/es\/wp-json\/wp\/v2\/product\/26707","targetHints":{"allow":["GET"]}}],"collection":[{"href":"https:\/\/www.shepherdsbooks.org\/es\/wp-json\/wp\/v2\/product"}],"about":[{"href":"https:\/\/www.shepherdsbooks.org\/es\/wp-json\/wp\/v2\/types\/product"}],"replies":[{"embeddable":true,"href":"https:\/\/www.shepherdsbooks.org\/es\/wp-json\/wp\/v2\/comments?post=26707"}],"wp:featuredmedia":[{"embeddable":true,"href":"https:\/\/www.shepherdsbooks.org\/es\/wp-json\/wp\/v2\/media\/27150"}],"wp:attachment":[{"href":"https:\/\/www.shepherdsbooks.org\/es\/wp-json\/wp\/v2\/media?parent=26707"}],"wp:term":[{"taxonomy":"product_brand","embeddable":true,"href":"https:\/\/www.shepherdsbooks.org\/es\/wp-json\/wp\/v2\/product_brand?post=26707"},{"taxonomy":"product_cat","embeddable":true,"href":"https:\/\/www.shepherdsbooks.org\/es\/wp-json\/wp\/v2\/product_cat?post=26707"},{"taxonomy":"product_tag","embeddable":true,"href":"https:\/\/www.shepherdsbooks.org\/es\/wp-json\/wp\/v2\/product_tag?post=26707"}],"curies":[{"name":"wp","href":"https:\/\/api.w.org\/{rel}","templated":true}]}}