{"id":27413,"date":"2025-10-20T14:52:58","date_gmt":"2025-10-20T18:52:58","guid":{"rendered":"https:\/\/www.shepherdsbooks.org\/product\/pashto-25-historias-favoritas-de-la-biblia\/"},"modified":"2025-10-20T14:52:58","modified_gmt":"2025-10-20T18:52:58","slug":"pashto-25-historias-favoritas-de-la-biblia","status":"publish","type":"product","link":"https:\/\/www.shepherdsbooks.org\/es\/product\/pashto-25-historias-favoritas-de-la-biblia\/","title":{"rendered":"Pashto &#8211; 25 Historias favoritas de la Biblia"},"content":{"rendered":"<p>Apropiado tanto para ni\u00f1os como para adultos, este breve libro de tapa blanda relata las 25 historias m\u00e1s famosas de la Biblia para hablantes de past\u00fan. La imaginaci\u00f3n se despierta en cada p\u00e1gina con im\u00e1genes, y la mente se compromete con preguntas de repaso y vers\u00edculos para memorizar de cada historia. \u00a1Encuentra el coraz\u00f3n de las historias de la Biblia en familia!  <\/p>\n","protected":false},"excerpt":{"rendered":"<p>Apropiado tanto para ni\u00f1os como para adultos, este breve libro de tapa blanda relata las 25 historias m\u00e1s famosas de la Biblia para hablantes de past\u00fan. La imaginaci\u00f3n se despierta en cada p\u00e1gina con im\u00e1genes, y la mente se compromete con preguntas de repaso y vers\u00edculos para memorizar de cada historia. \u00a1Encuentra el coraz\u00f3n de [&hellip;]<\/p>\n","protected":false},"featured_media":27501,"comment_status":"open","ping_status":"closed","template":"","meta":{"_kad_blocks_custom_css":"","_kad_blocks_head_custom_js":"","_kad_blocks_body_custom_js":"","_kad_blocks_footer_custom_js":""},"product_brand":[],"product_cat":[557],"product_tag":[],"class_list":{"0":"post-27413","1":"product","2":"type-product","3":"status-publish","4":"has-post-thumbnail","6":"product_cat-pashto-es","8":"first","9":"instock","10":"taxable","11":"shipping-taxable","12":"purchasable","13":"product-type-simple"},"taxonomy_info":{"product_cat":[{"value":557,"label":"Pashto"}]},"featured_image_src_large":["https:\/\/www.shepherdsbooks.org\/wp-content\/uploads\/5-13-1024x1024.png",1024,1024,true],"author_info":[],"comment_info":0,"_links":{"self":[{"href":"https:\/\/www.shepherdsbooks.org\/es\/wp-json\/wp\/v2\/product\/27413","targetHints":{"allow":["GET"]}}],"collection":[{"href":"https:\/\/www.shepherdsbooks.org\/es\/wp-json\/wp\/v2\/product"}],"about":[{"href":"https:\/\/www.shepherdsbooks.org\/es\/wp-json\/wp\/v2\/types\/product"}],"replies":[{"embeddable":true,"href":"https:\/\/www.shepherdsbooks.org\/es\/wp-json\/wp\/v2\/comments?post=27413"}],"wp:featuredmedia":[{"embeddable":true,"href":"https:\/\/www.shepherdsbooks.org\/es\/wp-json\/wp\/v2\/media\/27501"}],"wp:attachment":[{"href":"https:\/\/www.shepherdsbooks.org\/es\/wp-json\/wp\/v2\/media?parent=27413"}],"wp:term":[{"taxonomy":"product_brand","embeddable":true,"href":"https:\/\/www.shepherdsbooks.org\/es\/wp-json\/wp\/v2\/product_brand?post=27413"},{"taxonomy":"product_cat","embeddable":true,"href":"https:\/\/www.shepherdsbooks.org\/es\/wp-json\/wp\/v2\/product_cat?post=27413"},{"taxonomy":"product_tag","embeddable":true,"href":"https:\/\/www.shepherdsbooks.org\/es\/wp-json\/wp\/v2\/product_tag?post=27413"}],"curies":[{"name":"wp","href":"https:\/\/api.w.org\/{rel}","templated":true}]}}