{"id":27659,"date":"2025-10-27T15:05:22","date_gmt":"2025-10-27T19:05:22","guid":{"rendered":"https:\/\/www.shepherdsbooks.org\/product\/biblia-en-chino-version-de-la-union-china-escritura-simplificada\/"},"modified":"2025-10-27T15:24:02","modified_gmt":"2025-10-27T19:24:02","slug":"biblia-en-chino-version-de-la-union-china-escritura-simplificada","status":"publish","type":"product","link":"https:\/\/www.shepherdsbooks.org\/es\/product\/biblia-en-chino-version-de-la-union-china-escritura-simplificada\/","title":{"rendered":"Biblia en chino, versi\u00f3n de la Uni\u00f3n China (escritura simplificada)"},"content":{"rendered":"<p>Con una atractiva cubierta de vinilo burdeos y un t\u00edtulo dorado en relieve, esta Biblia china en escritura simplificada ofrece una aut\u00e9ntica oportunidad para que los hablantes de chino lean la Biblia en su propia lengua. Esta Biblia de tama\u00f1o mediano contiene encabezamientos de p\u00e1rrafos y varios cuadros, incluido un cuadro cronol\u00f3gico en color. Ya sea para el estudio personal o para un amigo, esta Biblia hace accesible la Palabra de Dios a los hablantes de chino de hoy.  <\/p>\n","protected":false},"excerpt":{"rendered":"<p>Con una atractiva cubierta de vinilo burdeos y un t\u00edtulo dorado en relieve, esta Biblia china en escritura simplificada ofrece una aut\u00e9ntica oportunidad para que los hablantes de chino lean la Biblia en su propia lengua. Esta Biblia de tama\u00f1o mediano contiene encabezamientos de p\u00e1rrafos y varios cuadros, incluido un cuadro cronol\u00f3gico en color. Ya [&hellip;]<\/p>\n","protected":false},"featured_media":29463,"comment_status":"open","ping_status":"closed","template":"","meta":{"_kad_blocks_custom_css":"","_kad_blocks_head_custom_js":"","_kad_blocks_body_custom_js":"","_kad_blocks_footer_custom_js":""},"product_brand":[],"product_cat":[568],"product_tag":[],"class_list":{"0":"post-27659","1":"product","2":"type-product","3":"status-publish","4":"has-post-thumbnail","6":"product_cat-chino-simplificado","8":"first","9":"instock","10":"taxable","11":"shipping-taxable","12":"purchasable","13":"product-type-simple"},"taxonomy_info":{"product_cat":[{"value":568,"label":"Chino (simplificado)"}]},"featured_image_src_large":["https:\/\/www.shepherdsbooks.org\/wp-content\/uploads\/3-30.png",1000,1000,false],"author_info":[],"comment_info":0,"_links":{"self":[{"href":"https:\/\/www.shepherdsbooks.org\/es\/wp-json\/wp\/v2\/product\/27659","targetHints":{"allow":["GET"]}}],"collection":[{"href":"https:\/\/www.shepherdsbooks.org\/es\/wp-json\/wp\/v2\/product"}],"about":[{"href":"https:\/\/www.shepherdsbooks.org\/es\/wp-json\/wp\/v2\/types\/product"}],"replies":[{"embeddable":true,"href":"https:\/\/www.shepherdsbooks.org\/es\/wp-json\/wp\/v2\/comments?post=27659"}],"wp:featuredmedia":[{"embeddable":true,"href":"https:\/\/www.shepherdsbooks.org\/es\/wp-json\/wp\/v2\/media\/29463"}],"wp:attachment":[{"href":"https:\/\/www.shepherdsbooks.org\/es\/wp-json\/wp\/v2\/media?parent=27659"}],"wp:term":[{"taxonomy":"product_brand","embeddable":true,"href":"https:\/\/www.shepherdsbooks.org\/es\/wp-json\/wp\/v2\/product_brand?post=27659"},{"taxonomy":"product_cat","embeddable":true,"href":"https:\/\/www.shepherdsbooks.org\/es\/wp-json\/wp\/v2\/product_cat?post=27659"},{"taxonomy":"product_tag","embeddable":true,"href":"https:\/\/www.shepherdsbooks.org\/es\/wp-json\/wp\/v2\/product_tag?post=27659"}],"curies":[{"name":"wp","href":"https:\/\/api.w.org\/{rel}","templated":true}]}}