{"id":4485,"date":"2020-07-20T16:12:16","date_gmt":"2020-07-20T20:12:16","guid":{"rendered":"https:\/\/www.shepherdsbooks.org\/product\/101-historias-favoritas-de-la-biblia\/"},"modified":"2025-08-28T21:43:16","modified_gmt":"2025-08-29T01:43:16","slug":"101-cuentos-favoritos-de-la-biblia-2","status":"publish","type":"product","link":"https:\/\/www.shepherdsbooks.org\/es\/product\/101-cuentos-favoritos-de-la-biblia-2\/","title":{"rendered":"101 historias favoritas de la Biblia"},"content":{"rendered":"<p>Historias Favoritas de la Biblia. Historias favoritas de la Sagrada Biblia. Abarca historias del Antiguo Testamento y desde el nacimiento hasta la resurrecci\u00f3n de Cristo en el Nuevo Testamento. Ilustraciones a todo color, un vers\u00edculo y 3 preguntas para cada historia: este folleto es una gran obra de literatura cristiana. Escritas con palabras f\u00e1ciles de entender, estas 101 historias favoritas de la Biblia han hecho las delicias de millones de ni\u00f1os de todo el mundo.<\/p>\n<p>&nbsp;<\/p>\n<p>&nbsp;<\/p>\n<p>&nbsp;<\/p>\n","protected":false},"excerpt":{"rendered":"<p>Historias Favoritas de la Biblia. Historias favoritas de la Sagrada Biblia. Abarca historias del Antiguo Testamento y desde el nacimiento hasta la resurrecci\u00f3n de Cristo en el Nuevo Testamento. Ilustraciones a todo color, un vers\u00edculo y 3 preguntas para cada historia: este folleto es una gran obra de literatura cristiana. Escritas con palabras f\u00e1ciles de [&hellip;]<\/p>\n","protected":false},"featured_media":4486,"comment_status":"open","ping_status":"closed","template":"","meta":{"_kad_blocks_custom_css":"","_kad_blocks_head_custom_js":"","_kad_blocks_body_custom_js":"","_kad_blocks_footer_custom_js":""},"product_brand":[],"product_cat":[180],"product_tag":[181],"class_list":{"0":"post-4485","1":"product","2":"type-product","3":"status-publish","4":"has-post-thumbnail","6":"product_cat-espanol","7":"product_tag-biblia","9":"first","10":"instock","11":"taxable","12":"shipping-taxable","13":"purchasable","14":"product-type-simple"},"taxonomy_info":{"product_cat":[{"value":180,"label":"Espa\u00f1ol"}],"product_tag":[{"value":181,"label":"Biblia"}]},"featured_image_src_large":["https:\/\/www.shepherdsbooks.org\/wp-content\/uploads\/spanish-101-favorite-stories-from-the-bible-book-for-sale.png",1000,700,false],"author_info":[],"comment_info":0,"_links":{"self":[{"href":"https:\/\/www.shepherdsbooks.org\/es\/wp-json\/wp\/v2\/product\/4485","targetHints":{"allow":["GET"]}}],"collection":[{"href":"https:\/\/www.shepherdsbooks.org\/es\/wp-json\/wp\/v2\/product"}],"about":[{"href":"https:\/\/www.shepherdsbooks.org\/es\/wp-json\/wp\/v2\/types\/product"}],"replies":[{"embeddable":true,"href":"https:\/\/www.shepherdsbooks.org\/es\/wp-json\/wp\/v2\/comments?post=4485"}],"wp:featuredmedia":[{"embeddable":true,"href":"https:\/\/www.shepherdsbooks.org\/es\/wp-json\/wp\/v2\/media\/4486"}],"wp:attachment":[{"href":"https:\/\/www.shepherdsbooks.org\/es\/wp-json\/wp\/v2\/media?parent=4485"}],"wp:term":[{"taxonomy":"product_brand","embeddable":true,"href":"https:\/\/www.shepherdsbooks.org\/es\/wp-json\/wp\/v2\/product_brand?post=4485"},{"taxonomy":"product_cat","embeddable":true,"href":"https:\/\/www.shepherdsbooks.org\/es\/wp-json\/wp\/v2\/product_cat?post=4485"},{"taxonomy":"product_tag","embeddable":true,"href":"https:\/\/www.shepherdsbooks.org\/es\/wp-json\/wp\/v2\/product_tag?post=4485"}],"curies":[{"name":"wp","href":"https:\/\/api.w.org\/{rel}","templated":true}]}}