{"id":5391,"date":"2024-05-24T22:35:16","date_gmt":"2024-05-25T02:35:16","guid":{"rendered":"https:\/\/www.shepherdsbooks.org\/product\/biblia-paralela-bilingue-esv-tapa-dura-espanol-ingles\/"},"modified":"2025-08-28T21:40:15","modified_gmt":"2025-08-29T01:40:15","slug":"biblia-paralela-bilingue-esv-tapa-dura-espanol-ingles","status":"publish","type":"product","link":"https:\/\/www.shepherdsbooks.org\/es\/product\/biblia-paralela-bilingue-esv-tapa-dura-espanol-ingles\/","title":{"rendered":"Biblia Paralela Biling\u00fce Espa\u00f1ol \/ Ingl\u00e9s &#8211; Traducciones RVR 1960 \/ ESV (Tapa dura)"},"content":{"rendered":"<div>Sum\u00e9rgete en la Palabra de Dios con nuestra Biblia Biling\u00fce Paralela Espa\u00f1ol\/Ingl\u00e9s, dise\u00f1ada cuidadosamente para salvar la brecha ling\u00fc\u00edstica y mejorar tu viaje espiritual. La traducci\u00f3n espa\u00f1ola es la versi\u00f3n Reina Valera 1960 (RVR 1960) y la inglesa utiliza la English Standard Version (ESV) Esta edici\u00f3n de tapa dura es a la vez robusta y elegante, lo que proporciona una larga durabilidad y una est\u00e9tica refinada.<\/div>\n<div><\/div>\n<div>Con dos columnas de Escrituras en cada p\u00e1gina, esta Biblia presenta los textos sagrados en espa\u00f1ol y en ingl\u00e9s, uno al lado del otro. Este formato permite una comprensi\u00f3n y apreciaci\u00f3n m\u00e1s profundas de las Escrituras, tanto si eres biling\u00fce como si est\u00e1s aprendiendo una nueva lengua. La disposici\u00f3n en paralelo facilita la comparaci\u00f3n y el estudio, enriqueciendo tu conexi\u00f3n con los mensajes divinos.  <\/div>\n<div><\/div>\n<div>Las ense\u00f1anzas intemporales de estas p\u00e1ginas ofrecen orientaci\u00f3n, consuelo e inspiraci\u00f3n para todos los aspectos de la vida. Al comprometerse con las Escrituras en ambas lenguas, los lectores pueden experimentar una comprensi\u00f3n m\u00e1s amplia y profunda de la palabra de Dios, fomentando una relaci\u00f3n m\u00e1s \u00edntima y personal con su fe. <\/div>\n<div><\/div>\n<div>Si buscas una Biblia en espa\u00f1ol para vender, esta edici\u00f3n destaca por su tapa dura de alta calidad y su formato biling\u00fce. Deja que esta Biblia Biling\u00fce Paralela Espa\u00f1ol\/Ingl\u00e9s sea tu compa\u00f1era en la fe, ayud\u00e1ndote a crecer espiritualmente y a conectar m\u00e1s profundamente con los textos sagrados. Esta edici\u00f3n de tapa dura no es s\u00f3lo un libro; es un recurso vital para cualquiera que busque enriquecer su vida espiritual mediante la belleza y la sabidur\u00eda de las Escrituras. No pierdas esta oportunidad: encuentra hoy tu Biblia espa\u00f1ola perfecta en venta y emb\u00e1rcate en un viaje espiritual transformador.   <\/div>\n","protected":false},"excerpt":{"rendered":"<p>Devoluciones en 30 d\u00edas | Gastos de env\u00edo a tanto alzado<\/p>\n","protected":false},"featured_media":20847,"comment_status":"open","ping_status":"closed","template":"","meta":{"_kad_blocks_custom_css":"","_kad_blocks_head_custom_js":"","_kad_blocks_body_custom_js":"","_kad_blocks_footer_custom_js":""},"product_brand":[],"product_cat":[180],"product_tag":[],"class_list":{"0":"post-5391","1":"product","2":"type-product","3":"status-publish","4":"has-post-thumbnail","6":"product_cat-espanol","8":"first","9":"instock","10":"taxable","11":"shipping-taxable","12":"purchasable","13":"product-type-simple"},"taxonomy_info":{"product_cat":[{"value":180,"label":"Espa\u00f1ol"}]},"featured_image_src_large":["https:\/\/www.shepherdsbooks.org\/wp-content\/uploads\/Untitled-design-9-2.png",1024,1024,false],"author_info":[],"comment_info":0,"_links":{"self":[{"href":"https:\/\/www.shepherdsbooks.org\/es\/wp-json\/wp\/v2\/product\/5391","targetHints":{"allow":["GET"]}}],"collection":[{"href":"https:\/\/www.shepherdsbooks.org\/es\/wp-json\/wp\/v2\/product"}],"about":[{"href":"https:\/\/www.shepherdsbooks.org\/es\/wp-json\/wp\/v2\/types\/product"}],"replies":[{"embeddable":true,"href":"https:\/\/www.shepherdsbooks.org\/es\/wp-json\/wp\/v2\/comments?post=5391"}],"wp:featuredmedia":[{"embeddable":true,"href":"https:\/\/www.shepherdsbooks.org\/es\/wp-json\/wp\/v2\/media\/20847"}],"wp:attachment":[{"href":"https:\/\/www.shepherdsbooks.org\/es\/wp-json\/wp\/v2\/media?parent=5391"}],"wp:term":[{"taxonomy":"product_brand","embeddable":true,"href":"https:\/\/www.shepherdsbooks.org\/es\/wp-json\/wp\/v2\/product_brand?post=5391"},{"taxonomy":"product_cat","embeddable":true,"href":"https:\/\/www.shepherdsbooks.org\/es\/wp-json\/wp\/v2\/product_cat?post=5391"},{"taxonomy":"product_tag","embeddable":true,"href":"https:\/\/www.shepherdsbooks.org\/es\/wp-json\/wp\/v2\/product_tag?post=5391"}],"curies":[{"name":"wp","href":"https:\/\/api.w.org\/{rel}","templated":true}]}}