{"id":16722,"date":"2025-02-21T11:13:16","date_gmt":"2025-02-21T16:13:16","guid":{"rendered":"https:\/\/www.shepherdsbooks.org\/product\/dari-new-testament-todays-dari-version-hardback\/"},"modified":"2025-08-28T21:31:02","modified_gmt":"2025-08-29T01:31:02","slug":"dari-new-testament-todays-dari-version-hardback","status":"publish","type":"product","link":"https:\/\/www.shepherdsbooks.org\/tr\/product\/dari-new-testament-todays-dari-version-hardback\/","title":{"rendered":"Dari &#8211; Yeni Ahit, Bug\u00fcnk\u00fc Dari Versiyonu (ciltli)"},"content":{"rendered":"<p>Dari dilinde Kutsal Kitap&#8217;\u0131n bu Yeni Testmant&#8217;\u0131 (Injeel), \u00e7ekicili\u011fini art\u0131ran zarif bir tasar\u0131ma sahip \u00e7arp\u0131c\u0131 bir ciltli olarak art\u0131k sat\u0131n al\u0131nabilir. Bu bask\u0131, okunmas\u0131 kolay bir \u00e7eviri sunarak d\u00fcnya \u00e7ap\u0131nda milyonlarca Dari dili konu\u015fan ki\u015fi i\u00e7in eri\u015filebilir k\u0131lmakta ve \u0130sa Mesih&#8217;in ya\u015fam\u0131na dair derin bilgiler sa\u011flamaktad\u0131r. <\/p>\n","protected":false},"excerpt":{"rendered":"<p>Dari dilinde Kutsal Kitap&#8217;\u0131n bu Yeni Testmant&#8217;\u0131 (Injeel), \u00e7ekicili\u011fini art\u0131ran zarif bir tasar\u0131ma sahip \u00e7arp\u0131c\u0131 bir ciltli olarak art\u0131k sat\u0131n al\u0131nabilir. Bu bask\u0131, okunmas\u0131 kolay bir \u00e7eviri sunarak d\u00fcnya \u00e7ap\u0131nda milyonlarca Dari dili konu\u015fan ki\u015fi i\u00e7in eri\u015filebilir k\u0131lmakta ve \u0130sa Mesih&#8217;in ya\u015fam\u0131na dair derin bilgiler sa\u011flamaktad\u0131r.<\/p>\n","protected":false},"featured_media":22198,"comment_status":"open","ping_status":"closed","template":"","meta":{"_kad_blocks_custom_css":"","_kad_blocks_head_custom_js":"","_kad_blocks_body_custom_js":"","_kad_blocks_footer_custom_js":""},"product_brand":[],"product_cat":[377],"product_tag":[],"class_list":{"0":"post-16722","1":"product","2":"type-product","3":"status-publish","4":"has-post-thumbnail","6":"product_cat-dari","8":"first","9":"instock","10":"taxable","11":"shipping-taxable","12":"purchasable","13":"product-type-simple"},"taxonomy_info":{"product_cat":[{"value":377,"label":"Dari"}]},"featured_image_src_large":["https:\/\/www.shepherdsbooks.org\/wp-content\/uploads\/13-1024x1024.png",1024,1024,true],"author_info":[],"comment_info":0,"_links":{"self":[{"href":"https:\/\/www.shepherdsbooks.org\/tr\/wp-json\/wp\/v2\/product\/16722","targetHints":{"allow":["GET"]}}],"collection":[{"href":"https:\/\/www.shepherdsbooks.org\/tr\/wp-json\/wp\/v2\/product"}],"about":[{"href":"https:\/\/www.shepherdsbooks.org\/tr\/wp-json\/wp\/v2\/types\/product"}],"replies":[{"embeddable":true,"href":"https:\/\/www.shepherdsbooks.org\/tr\/wp-json\/wp\/v2\/comments?post=16722"}],"wp:featuredmedia":[{"embeddable":true,"href":"https:\/\/www.shepherdsbooks.org\/tr\/wp-json\/wp\/v2\/media\/22198"}],"wp:attachment":[{"href":"https:\/\/www.shepherdsbooks.org\/tr\/wp-json\/wp\/v2\/media?parent=16722"}],"wp:term":[{"taxonomy":"product_brand","embeddable":true,"href":"https:\/\/www.shepherdsbooks.org\/tr\/wp-json\/wp\/v2\/product_brand?post=16722"},{"taxonomy":"product_cat","embeddable":true,"href":"https:\/\/www.shepherdsbooks.org\/tr\/wp-json\/wp\/v2\/product_cat?post=16722"},{"taxonomy":"product_tag","embeddable":true,"href":"https:\/\/www.shepherdsbooks.org\/tr\/wp-json\/wp\/v2\/product_tag?post=16722"}],"curies":[{"name":"wp","href":"https:\/\/api.w.org\/{rel}","templated":true}]}}