{"id":16802,"date":"2024-08-05T14:11:27","date_gmt":"2024-08-05T18:11:27","guid":{"rendered":"https:\/\/www.shepherdsbooks.org\/product\/25-favorite-bible-stories-in-nepali\/"},"modified":"2025-08-28T21:37:10","modified_gmt":"2025-08-29T01:37:10","slug":"25-favorite-bible-stories-in-nepali","status":"publish","type":"product","link":"https:\/\/www.shepherdsbooks.org\/tr\/product\/25-favorite-bible-stories-in-nepali\/","title":{"rendered":"Nepalce 25 Favori Kutsal Kitap Hikayesi"},"content":{"rendered":"<p><span style=\"font-weight: 400;\">Bu Nepalce \u0130ncil hikaye kitab\u0131, do\u011fal bir arka plana kar\u015f\u0131 koyun tutan bir adam\u0131n sakinle\u015ftirici resmiyle dingin bir tasar\u0131ma sahiptir. Okuyucular\u0131n \u0130sa&#8217;n\u0131n hikayeleri hakk\u0131nda daha fazla bilgi edinmelerini ve bunlar\u0131 kendi ya\u015famlar\u0131na uygulamalar\u0131n\u0131 sa\u011flayarak manevi faydalar sunar. K\u00fc\u00e7\u00fck ciltsiz format\u0131, hareket halindeyken okumak i\u00e7in uygun hale getirir. SKU NEP1101     <\/span><\/p>\n","protected":false},"excerpt":{"rendered":"<p>30 G\u00fcn \u00dccretsiz \u0130ade | Sabit Fiyatl\u0131 Kargo<\/p>\n","protected":false},"featured_media":6773,"comment_status":"open","ping_status":"closed","template":"","meta":{"_kad_blocks_custom_css":"","_kad_blocks_head_custom_js":"","_kad_blocks_body_custom_js":"","_kad_blocks_footer_custom_js":""},"product_brand":[],"product_cat":[450],"product_tag":[],"class_list":{"0":"post-16802","1":"product","2":"type-product","3":"status-publish","4":"has-post-thumbnail","6":"product_cat-nepali","8":"first","9":"instock","10":"taxable","11":"shipping-taxable","12":"purchasable","13":"product-type-simple"},"taxonomy_info":{"product_cat":[{"value":450,"label":"Nepalce"}]},"featured_image_src_large":["https:\/\/www.shepherdsbooks.org\/wp-content\/uploads\/Nepali\/NEPL1101\/bible-stories-in-nepali.jpg",1000,1000,false],"author_info":[],"comment_info":0,"_links":{"self":[{"href":"https:\/\/www.shepherdsbooks.org\/tr\/wp-json\/wp\/v2\/product\/16802","targetHints":{"allow":["GET"]}}],"collection":[{"href":"https:\/\/www.shepherdsbooks.org\/tr\/wp-json\/wp\/v2\/product"}],"about":[{"href":"https:\/\/www.shepherdsbooks.org\/tr\/wp-json\/wp\/v2\/types\/product"}],"replies":[{"embeddable":true,"href":"https:\/\/www.shepherdsbooks.org\/tr\/wp-json\/wp\/v2\/comments?post=16802"}],"wp:featuredmedia":[{"embeddable":true,"href":"https:\/\/www.shepherdsbooks.org\/tr\/wp-json\/wp\/v2\/media\/6773"}],"wp:attachment":[{"href":"https:\/\/www.shepherdsbooks.org\/tr\/wp-json\/wp\/v2\/media?parent=16802"}],"wp:term":[{"taxonomy":"product_brand","embeddable":true,"href":"https:\/\/www.shepherdsbooks.org\/tr\/wp-json\/wp\/v2\/product_brand?post=16802"},{"taxonomy":"product_cat","embeddable":true,"href":"https:\/\/www.shepherdsbooks.org\/tr\/wp-json\/wp\/v2\/product_cat?post=16802"},{"taxonomy":"product_tag","embeddable":true,"href":"https:\/\/www.shepherdsbooks.org\/tr\/wp-json\/wp\/v2\/product_tag?post=16802"}],"curies":[{"name":"wp","href":"https:\/\/api.w.org\/{rel}","templated":true}]}}