{"id":16803,"date":"2024-08-05T15:49:21","date_gmt":"2024-08-05T19:49:21","guid":{"rendered":"https:\/\/www.shepherdsbooks.org\/product\/101-favorite-stories-from-the-bible-in-german\/"},"modified":"2025-08-28T21:35:51","modified_gmt":"2025-08-29T01:35:51","slug":"101-favorite-stories-from-the-bible-in-german","status":"publish","type":"product","link":"https:\/\/www.shepherdsbooks.org\/tr\/product\/101-favorite-stories-from-the-bible-in-german\/","title":{"rendered":"\u0130ncil&#8217;den 101 Favori \u00d6yk\u00fc Almanca"},"content":{"rendered":"<p><span style=\"font-weight: 400;\">Bu Almanca \u0130ncil \u00f6yk\u00fc kitab\u0131, hayvanlar\u0131n ve do\u011fal bir arka plan\u0131n bulundu\u011fu bir yol boyunca y\u00fcr\u00fcyen \u0130ncil karakterlerinin b\u00fcy\u00fcleyici bir tasar\u0131m\u0131na sahiptir. Bu hikaye kitab\u0131n\u0131n ruhani faydalar\u0131 aras\u0131nda \u0130sa&#8217;n\u0131n hikayeleri hakk\u0131nda daha fazla bilgi edinmek ve bunlar\u0131 hayat\u0131n\u0131za uygulaman\u0131n yan\u0131 s\u0131ra di\u011fer \u0130ncil hikayeleri hakk\u0131nda fikir edinmek ve Tanr\u0131 anlay\u0131\u015f\u0131n\u0131z\u0131 derinle\u015ftirmek yer almaktad\u0131r. Bu k\u00fc\u00e7\u00fck ciltsiz \u00f6yk\u00fc kitab\u0131 \u015fimdi sat\u0131\u015fa sunulmu\u015ftur.  <\/span><\/p>\n","protected":false},"excerpt":{"rendered":"<p>30 G\u00fcn \u00dccretsiz \u0130ade | Sabit Fiyatl\u0131 Kargo<\/p>\n","protected":false},"featured_media":7146,"comment_status":"open","ping_status":"closed","template":"","meta":{"_kad_blocks_custom_css":"","_kad_blocks_head_custom_js":"","_kad_blocks_body_custom_js":"","_kad_blocks_footer_custom_js":""},"product_brand":[],"product_cat":[451],"product_tag":[],"class_list":{"0":"post-16803","1":"product","2":"type-product","3":"status-publish","4":"has-post-thumbnail","6":"product_cat-german","8":"first","9":"instock","10":"taxable","11":"shipping-taxable","12":"purchasable","13":"product-type-simple"},"taxonomy_info":{"product_cat":[{"value":451,"label":"Alman"}]},"featured_image_src_large":["https:\/\/www.shepherdsbooks.org\/wp-content\/uploads\/German\/GERL1101\/bible-stories-in-german.jpg",1000,1000,false],"author_info":[],"comment_info":0,"_links":{"self":[{"href":"https:\/\/www.shepherdsbooks.org\/tr\/wp-json\/wp\/v2\/product\/16803","targetHints":{"allow":["GET"]}}],"collection":[{"href":"https:\/\/www.shepherdsbooks.org\/tr\/wp-json\/wp\/v2\/product"}],"about":[{"href":"https:\/\/www.shepherdsbooks.org\/tr\/wp-json\/wp\/v2\/types\/product"}],"replies":[{"embeddable":true,"href":"https:\/\/www.shepherdsbooks.org\/tr\/wp-json\/wp\/v2\/comments?post=16803"}],"wp:featuredmedia":[{"embeddable":true,"href":"https:\/\/www.shepherdsbooks.org\/tr\/wp-json\/wp\/v2\/media\/7146"}],"wp:attachment":[{"href":"https:\/\/www.shepherdsbooks.org\/tr\/wp-json\/wp\/v2\/media?parent=16803"}],"wp:term":[{"taxonomy":"product_brand","embeddable":true,"href":"https:\/\/www.shepherdsbooks.org\/tr\/wp-json\/wp\/v2\/product_brand?post=16803"},{"taxonomy":"product_cat","embeddable":true,"href":"https:\/\/www.shepherdsbooks.org\/tr\/wp-json\/wp\/v2\/product_cat?post=16803"},{"taxonomy":"product_tag","embeddable":true,"href":"https:\/\/www.shepherdsbooks.org\/tr\/wp-json\/wp\/v2\/product_tag?post=16803"}],"curies":[{"name":"wp","href":"https:\/\/api.w.org\/{rel}","templated":true}]}}