{"id":16853,"date":"2020-07-08T14:08:31","date_gmt":"2020-07-08T18:08:31","guid":{"rendered":"https:\/\/www.shepherdsbooks.org\/product\/25-favorite-stories-from-the-bible-2\/"},"modified":"2025-08-28T21:48:47","modified_gmt":"2025-08-29T01:48:47","slug":"25-favorite-stories-from-the-bible-2","status":"publish","type":"product","link":"https:\/\/www.shepherdsbooks.org\/tr\/product\/25-favorite-stories-from-the-bible-2\/","title":{"rendered":"\u0130ncil&#8217;den 25 Favori Hikaye"},"content":{"rendered":"<p>Yarat\u0131l\u0131\u015f ile ba\u015flayan bu kitap, Eski Ahit&#8217;teki \u00f6yk\u00fclerin yan\u0131 s\u0131ra Mesih&#8217;in do\u011fumundan dirili\u015fine kadar olan d\u00f6nemi de kapsamaktad\u0131r. Her \u00f6yk\u00fc i\u00e7in tam renkli bir resim, ayr\u0131ca bir Kutsal Kitap ayeti ve tart\u0131\u015fma i\u00e7in 3 soru bulunmaktad\u0131r.<\/p>\n","protected":false},"excerpt":{"rendered":"<p>30-Day Returns | Flat-Rate Shipping<\/p>\n","protected":false},"featured_media":1925,"comment_status":"open","ping_status":"closed","template":"","meta":{"_kad_blocks_custom_css":"","_kad_blocks_head_custom_js":"","_kad_blocks_body_custom_js":"","_kad_blocks_footer_custom_js":""},"product_brand":[],"product_cat":[125],"product_tag":[],"class_list":{"0":"post-16853","1":"product","2":"type-product","3":"status-publish","4":"has-post-thumbnail","6":"product_cat-english","8":"first","9":"instock","10":"taxable","11":"shipping-taxable","12":"purchasable","13":"product-type-simple"},"taxonomy_info":{"product_cat":[{"value":125,"label":"\u0130ngilizce"}]},"featured_image_src_large":["https:\/\/www.shepherdsbooks.org\/wp-content\/uploads\/english-25-bible-stories-for-sale.png",1000,750,false],"author_info":[],"comment_info":0,"_links":{"self":[{"href":"https:\/\/www.shepherdsbooks.org\/tr\/wp-json\/wp\/v2\/product\/16853","targetHints":{"allow":["GET"]}}],"collection":[{"href":"https:\/\/www.shepherdsbooks.org\/tr\/wp-json\/wp\/v2\/product"}],"about":[{"href":"https:\/\/www.shepherdsbooks.org\/tr\/wp-json\/wp\/v2\/types\/product"}],"replies":[{"embeddable":true,"href":"https:\/\/www.shepherdsbooks.org\/tr\/wp-json\/wp\/v2\/comments?post=16853"}],"wp:featuredmedia":[{"embeddable":true,"href":"https:\/\/www.shepherdsbooks.org\/tr\/wp-json\/wp\/v2\/media\/1925"}],"wp:attachment":[{"href":"https:\/\/www.shepherdsbooks.org\/tr\/wp-json\/wp\/v2\/media?parent=16853"}],"wp:term":[{"taxonomy":"product_brand","embeddable":true,"href":"https:\/\/www.shepherdsbooks.org\/tr\/wp-json\/wp\/v2\/product_brand?post=16853"},{"taxonomy":"product_cat","embeddable":true,"href":"https:\/\/www.shepherdsbooks.org\/tr\/wp-json\/wp\/v2\/product_cat?post=16853"},{"taxonomy":"product_tag","embeddable":true,"href":"https:\/\/www.shepherdsbooks.org\/tr\/wp-json\/wp\/v2\/product_tag?post=16853"}],"curies":[{"name":"wp","href":"https:\/\/api.w.org\/{rel}","templated":true}]}}