{"id":26277,"date":"2025-09-22T14:26:40","date_gmt":"2025-09-22T18:26:40","guid":{"rendered":"https:\/\/www.shepherdsbooks.org\/product\/farsca-incil-yeni-milenyum-versiyonu-siyah-deri\/"},"modified":"2026-03-02T16:42:17","modified_gmt":"2026-03-02T21:42:17","slug":"farsca-incil-yeni-milenyum-versiyonu-siyah-deri","status":"publish","type":"product","link":"https:\/\/www.shepherdsbooks.org\/tr\/product\/farsca-incil-yeni-milenyum-versiyonu-siyah-deri\/","title":{"rendered":"Fars\u00e7a \u0130ncil (Yeni Milenyum Versiyonu, deri)"},"content":{"rendered":"<p>Bu zarif Fars\u00e7a Kutsal Kitap, Kutsal Kitap&#8217;\u0131 kendi ba\u015f\u0131na \u00e7al\u0131\u015fmak isteyen Fars\u00e7a konu\u015fan arkada\u015f\u0131n\u0131z i\u00e7in m\u00fckemmel bir hediyedir. Hakiki deri, yald\u0131zl\u0131 sayfalar ve \u00f6n kapa\u011f\u0131nda g\u00fczel bir alt\u0131n ha\u00e7 bulunan bu Kutsal Kitap, kutsal kitaplara sayg\u0131 duyanlar i\u00e7in m\u00fckemmel bir se\u00e7imdir. Bu Kutsal Kitap ayr\u0131ca okuyucunun olaylar\u0131 orijinal co\u011frafi ba\u011flamlar\u0131nda bulmas\u0131na yard\u0131mc\u0131 olmak i\u00e7in alt\u0131 harita i\u00e7erir. \u00d6nceki \u00e7evirileri g\u00fcncellemek yerine, Yeni Milenyum Versiyonu Yunanca ve \u0130branice&#8217;den orijinal bir \u00e7eviridir ve hem Hristiyan hem de arayanlar i\u00e7in kullan\u0131c\u0131 dostu bir \u00e7eviri sa\u011flar. \u0130ster \u0130sa&#8217;n\u0131n hikayesini kendiniz ke\u015ffetmek isteyin, ister Tanr\u0131&#8217;n\u0131n s\u00f6z\u00fcn\u00fcn g\u00fczel bir kopyas\u0131n\u0131 arayan arkada\u015f\u0131n\u0131zla payla\u015fmak isteyin, bu m\u00fckemmel bir se\u00e7imdir.    <\/p>\n","protected":false},"excerpt":{"rendered":"<p>Bu zarif Fars\u00e7a Kutsal Kitap, Kutsal Kitap&#8217;\u0131 kendi ba\u015f\u0131na \u00e7al\u0131\u015fmak isteyen Fars\u00e7a konu\u015fan arkada\u015f\u0131n\u0131z i\u00e7in m\u00fckemmel bir hediyedir. Hakiki deri, yald\u0131zl\u0131 sayfalar ve \u00f6n kapa\u011f\u0131nda g\u00fczel bir alt\u0131n ha\u00e7 bulunan bu Kutsal Kitap, kutsal kitaplara sayg\u0131 duyanlar i\u00e7in m\u00fckemmel bir se\u00e7imdir. Bu Kutsal Kitap ayr\u0131ca okuyucunun olaylar\u0131 orijinal co\u011frafi ba\u011flamlar\u0131nda bulmas\u0131na yard\u0131mc\u0131 olmak i\u00e7in alt\u0131 [&hellip;]<\/p>\n","protected":false},"featured_media":26357,"comment_status":"open","ping_status":"closed","template":"","meta":{"_kad_blocks_custom_css":"","_kad_blocks_head_custom_js":"","_kad_blocks_body_custom_js":"","_kad_blocks_footer_custom_js":""},"product_brand":[],"product_cat":[455],"product_tag":[],"class_list":{"0":"post-26277","1":"product","2":"type-product","3":"status-publish","4":"has-post-thumbnail","6":"product_cat-farsi","8":"first","9":"instock","10":"taxable","11":"shipping-taxable","12":"purchasable","13":"product-type-simple"},"taxonomy_info":{"product_cat":[{"value":455,"label":"Fars\u00e7a"}]},"featured_image_src_large":["https:\/\/www.shepherdsbooks.org\/wp-content\/uploads\/7-12-1024x1024.png",1024,1024,true],"author_info":[],"comment_info":0,"_links":{"self":[{"href":"https:\/\/www.shepherdsbooks.org\/tr\/wp-json\/wp\/v2\/product\/26277","targetHints":{"allow":["GET"]}}],"collection":[{"href":"https:\/\/www.shepherdsbooks.org\/tr\/wp-json\/wp\/v2\/product"}],"about":[{"href":"https:\/\/www.shepherdsbooks.org\/tr\/wp-json\/wp\/v2\/types\/product"}],"replies":[{"embeddable":true,"href":"https:\/\/www.shepherdsbooks.org\/tr\/wp-json\/wp\/v2\/comments?post=26277"}],"wp:featuredmedia":[{"embeddable":true,"href":"https:\/\/www.shepherdsbooks.org\/tr\/wp-json\/wp\/v2\/media\/26357"}],"wp:attachment":[{"href":"https:\/\/www.shepherdsbooks.org\/tr\/wp-json\/wp\/v2\/media?parent=26277"}],"wp:term":[{"taxonomy":"product_brand","embeddable":true,"href":"https:\/\/www.shepherdsbooks.org\/tr\/wp-json\/wp\/v2\/product_brand?post=26277"},{"taxonomy":"product_cat","embeddable":true,"href":"https:\/\/www.shepherdsbooks.org\/tr\/wp-json\/wp\/v2\/product_cat?post=26277"},{"taxonomy":"product_tag","embeddable":true,"href":"https:\/\/www.shepherdsbooks.org\/tr\/wp-json\/wp\/v2\/product_tag?post=26277"}],"curies":[{"name":"wp","href":"https:\/\/api.w.org\/{rel}","templated":true}]}}