{"id":27408,"date":"2025-10-20T14:48:12","date_gmt":"2025-10-20T18:48:12","guid":{"rendered":"https:\/\/www.shepherdsbooks.org\/product\/farsca-incilden-25-favori-hikaye\/"},"modified":"2025-10-20T14:48:12","modified_gmt":"2025-10-20T18:48:12","slug":"farsca-incilden-25-favori-hikaye","status":"publish","type":"product","link":"https:\/\/www.shepherdsbooks.org\/tr\/product\/farsca-incilden-25-favori-hikaye\/","title":{"rendered":"Fars\u00e7a &#8211; \u0130ncil&#8217;den 25 Favori Hikaye"},"content":{"rendered":"<p>Hem \u00e7ocuklar hem de yeti\u015fkinler i\u00e7in uygun olan bu k\u0131sa, yumu\u015fak kapakl\u0131 kitap, Fars\u00e7a konu\u015fanlar i\u00e7in Kutsal Kitap&#8217;tan en \u00fcnl\u00fc 25 \u00f6yk\u00fcy\u00fc anlat\u0131yor. Her sayfada resimlerle hayal g\u00fcc\u00fc uyand\u0131r\u0131l\u0131yor ve her \u00f6yk\u00fc i\u00e7in tekrar sorular\u0131 ve ezber ayeti ile zihin me\u015fgul ediliyor. Ailece Kutsal Kitap&#8217;taki \u00f6yk\u00fclerin kalbiyle kar\u015f\u0131la\u015f\u0131n!  <\/p>\n","protected":false},"excerpt":{"rendered":"<p>Hem \u00e7ocuklar hem de yeti\u015fkinler i\u00e7in uygun olan bu k\u0131sa, yumu\u015fak kapakl\u0131 kitap, Fars\u00e7a konu\u015fanlar i\u00e7in Kutsal Kitap&#8217;tan en \u00fcnl\u00fc 25 \u00f6yk\u00fcy\u00fc anlat\u0131yor. Her sayfada resimlerle hayal g\u00fcc\u00fc uyand\u0131r\u0131l\u0131yor ve her \u00f6yk\u00fc i\u00e7in tekrar sorular\u0131 ve ezber ayeti ile zihin me\u015fgul ediliyor. Ailece Kutsal Kitap&#8217;taki \u00f6yk\u00fclerin kalbiyle kar\u015f\u0131la\u015f\u0131n!<\/p>\n","protected":false},"featured_media":27516,"comment_status":"open","ping_status":"closed","template":"","meta":{"_kad_blocks_custom_css":"","_kad_blocks_head_custom_js":"","_kad_blocks_body_custom_js":"","_kad_blocks_footer_custom_js":""},"product_brand":[],"product_cat":[455],"product_tag":[],"class_list":{"0":"post-27408","1":"product","2":"type-product","3":"status-publish","4":"has-post-thumbnail","6":"product_cat-farsi","8":"first","9":"instock","10":"taxable","11":"shipping-taxable","12":"purchasable","13":"product-type-simple"},"taxonomy_info":{"product_cat":[{"value":455,"label":"Fars\u00e7a"}]},"featured_image_src_large":["https:\/\/www.shepherdsbooks.org\/wp-content\/uploads\/7-14-1024x1024.png",1024,1024,true],"author_info":[],"comment_info":0,"_links":{"self":[{"href":"https:\/\/www.shepherdsbooks.org\/tr\/wp-json\/wp\/v2\/product\/27408","targetHints":{"allow":["GET"]}}],"collection":[{"href":"https:\/\/www.shepherdsbooks.org\/tr\/wp-json\/wp\/v2\/product"}],"about":[{"href":"https:\/\/www.shepherdsbooks.org\/tr\/wp-json\/wp\/v2\/types\/product"}],"replies":[{"embeddable":true,"href":"https:\/\/www.shepherdsbooks.org\/tr\/wp-json\/wp\/v2\/comments?post=27408"}],"wp:featuredmedia":[{"embeddable":true,"href":"https:\/\/www.shepherdsbooks.org\/tr\/wp-json\/wp\/v2\/media\/27516"}],"wp:attachment":[{"href":"https:\/\/www.shepherdsbooks.org\/tr\/wp-json\/wp\/v2\/media?parent=27408"}],"wp:term":[{"taxonomy":"product_brand","embeddable":true,"href":"https:\/\/www.shepherdsbooks.org\/tr\/wp-json\/wp\/v2\/product_brand?post=27408"},{"taxonomy":"product_cat","embeddable":true,"href":"https:\/\/www.shepherdsbooks.org\/tr\/wp-json\/wp\/v2\/product_cat?post=27408"},{"taxonomy":"product_tag","embeddable":true,"href":"https:\/\/www.shepherdsbooks.org\/tr\/wp-json\/wp\/v2\/product_tag?post=27408"}],"curies":[{"name":"wp","href":"https:\/\/api.w.org\/{rel}","templated":true}]}}