{"id":27448,"date":"2025-10-20T16:26:29","date_gmt":"2025-10-20T20:26:29","guid":{"rendered":"https:\/\/www.shepherdsbooks.org\/product\/urduca-kutsal-kitap-yeni-urduca-kutsal-kitap-versiyonu-ciltli\/"},"modified":"2025-10-20T16:26:29","modified_gmt":"2025-10-20T20:26:29","slug":"urduca-kutsal-kitap-yeni-urduca-kutsal-kitap-versiyonu-ciltli","status":"publish","type":"product","link":"https:\/\/www.shepherdsbooks.org\/tr\/product\/urduca-kutsal-kitap-yeni-urduca-kutsal-kitap-versiyonu-ciltli\/","title":{"rendered":"Urduca Kutsal Kitap, Yeni Urduca Kutsal Kitap Versiyonu (Ciltli)"},"content":{"rendered":"<p>Bu Urduca \u0130ncil, peygamberlerden \u0130sa&#8217;ya ve havarilerine kadar \u0130ncil&#8217;in hikayesiyle etkile\u015fim kurma f\u0131rsat\u0131 sunuyor. 80 milyondan fazla konu\u015fan\u0131 ve daha da fazla ikinci dil olarak konu\u015fan\u0131 olan Urduca, Pakistan, kuzey Hindistan ve \u00f6tesi gibi b\u00f6lgelerde iyi bilinen bir dildir. Bu Kutsal Kitap, modern Urduca okuyucular\u0131 d\u00fc\u015f\u00fcn\u00fclerek Yeni Urduca Kutsal Kitap \u00e7evirisiyle bas\u0131lm\u0131\u015ft\u0131r. Alt\u0131n harfler ve tasar\u0131mla s\u00fcslenmi\u015f zarif ye\u015fil kapa\u011f\u0131yla bu ciltli Kutsal Kitap, Urduca konu\u015fan arkada\u015f\u0131n\u0131z i\u00e7in harika bir hediye olman\u0131n yan\u0131 s\u0131ra Tanr\u0131&#8217;n\u0131n mesaj\u0131n\u0131 kendiniz i\u00e7in okuma ve inceleme f\u0131rsat\u0131d\u0131r.   <\/p>\n","protected":false},"excerpt":{"rendered":"<p>Bu Urduca \u0130ncil, peygamberlerden \u0130sa&#8217;ya ve havarilerine kadar \u0130ncil&#8217;in hikayesiyle etkile\u015fim kurma f\u0131rsat\u0131 sunuyor. 80 milyondan fazla konu\u015fan\u0131 ve daha da fazla ikinci dil olarak konu\u015fan\u0131 olan Urduca, Pakistan, kuzey Hindistan ve \u00f6tesi gibi b\u00f6lgelerde iyi bilinen bir dildir. Bu Kutsal Kitap, modern Urduca okuyucular\u0131 d\u00fc\u015f\u00fcn\u00fclerek Yeni Urduca Kutsal Kitap \u00e7evirisiyle bas\u0131lm\u0131\u015ft\u0131r. Alt\u0131n harfler ve [&hellip;]<\/p>\n","protected":false},"featured_media":27544,"comment_status":"open","ping_status":"closed","template":"","meta":{"_kad_blocks_custom_css":"","_kad_blocks_head_custom_js":"","_kad_blocks_body_custom_js":"","_kad_blocks_footer_custom_js":""},"product_brand":[],"product_cat":[462],"product_tag":[],"class_list":{"0":"post-27448","1":"product","2":"type-product","3":"status-publish","4":"has-post-thumbnail","6":"product_cat-urdu","8":"first","9":"instock","10":"taxable","11":"shipping-taxable","12":"purchasable","13":"product-type-simple"},"taxonomy_info":{"product_cat":[{"value":462,"label":"Urduca"}]},"featured_image_src_large":["https:\/\/www.shepherdsbooks.org\/wp-content\/uploads\/11-7-1024x1024.png",1024,1024,true],"author_info":[],"comment_info":0,"_links":{"self":[{"href":"https:\/\/www.shepherdsbooks.org\/tr\/wp-json\/wp\/v2\/product\/27448","targetHints":{"allow":["GET"]}}],"collection":[{"href":"https:\/\/www.shepherdsbooks.org\/tr\/wp-json\/wp\/v2\/product"}],"about":[{"href":"https:\/\/www.shepherdsbooks.org\/tr\/wp-json\/wp\/v2\/types\/product"}],"replies":[{"embeddable":true,"href":"https:\/\/www.shepherdsbooks.org\/tr\/wp-json\/wp\/v2\/comments?post=27448"}],"wp:featuredmedia":[{"embeddable":true,"href":"https:\/\/www.shepherdsbooks.org\/tr\/wp-json\/wp\/v2\/media\/27544"}],"wp:attachment":[{"href":"https:\/\/www.shepherdsbooks.org\/tr\/wp-json\/wp\/v2\/media?parent=27448"}],"wp:term":[{"taxonomy":"product_brand","embeddable":true,"href":"https:\/\/www.shepherdsbooks.org\/tr\/wp-json\/wp\/v2\/product_brand?post=27448"},{"taxonomy":"product_cat","embeddable":true,"href":"https:\/\/www.shepherdsbooks.org\/tr\/wp-json\/wp\/v2\/product_cat?post=27448"},{"taxonomy":"product_tag","embeddable":true,"href":"https:\/\/www.shepherdsbooks.org\/tr\/wp-json\/wp\/v2\/product_tag?post=27448"}],"curies":[{"name":"wp","href":"https:\/\/api.w.org\/{rel}","templated":true}]}}