{"id":3948,"date":"2020-07-08T14:15:37","date_gmt":"2020-07-08T18:15:37","guid":{"rendered":"https:\/\/www.shepherdsbooks.org\/product\/dinozorlar-tasarimla-turkce\/"},"modified":"2025-08-28T21:48:29","modified_gmt":"2025-08-29T01:48:29","slug":"dinosaurs-by-design","status":"publish","type":"product","link":"https:\/\/www.shepherdsbooks.org\/tr\/product\/dinosaurs-by-design\/","title":{"rendered":"Dinozorlar Tasar\u0131mla &#8211; T\u00fcrk\u00e7e"},"content":{"rendered":"<p data-start=\"226\" data-end=\"768\"><em data-start=\"262\" data-end=\"283\">Dinozorlar Tasar\u0131mla<\/em>ile yak\u0131n ge\u00e7mi\u015fe ad\u0131m at\u0131n <em data-start=\"262\" data-end=\"283\">&#8211; \u015fimdi<\/em>T\u00fcrk\u00e7ede! Bu g\u00f6rsel olarak \u00e7arp\u0131c\u0131 kitap, gen\u00e7 okuyucular\u0131 dinozorlar\u0131n b\u00fcy\u00fcleyici d\u00fcnyas\u0131yla tan\u0131\u015ft\u0131r\u0131rken, Kutsal Kitap&#8217;\u0131n yarat\u0131l\u0131\u015f perspektifine sad\u0131k kal\u0131yor. \u00c7ocuklar farkl\u0131 dinozor t\u00fcrlerini, fosil kan\u0131tlar\u0131n\u0131 ve Tanr\u0131&#8217;n\u0131n yarat\u0131\u015f\u0131na ve b\u00fcy\u00fck Tufan&#8217;a nas\u0131l uyduklar\u0131n\u0131 ke\u015ffedecekler. Canl\u0131, tam renkli resimlerle ilgi \u00e7ekici bir dille yaz\u0131lm\u0131\u015f bu kitap, inanca dayal\u0131 bilimsel anlay\u0131\u015f\u0131 peki\u015ftirirken \u00f6\u011frenmeyi e\u011flenceli hale getiriyor.   <\/p>\n<h3 data-start=\"770\" data-end=\"842\">Gen\u00e7 Ka\u015fifler i\u00e7in B\u00fcy\u00fcleyici Ger\u00e7ekler ve \u00c7arp\u0131c\u0131 \u00c7izimler<\/h3>\n<p data-start=\"843\" data-end=\"1353\">Merakl\u0131 zihinler ve gen\u00e7 dinozor merakl\u0131lar\u0131 i\u00e7in tasarlanan bu kitap, dinozorlara hayat veren ayr\u0131nt\u0131l\u0131 \u00e7izimler ve bilimsel ger\u00e7eklerle doludur. Her sayfa, boyutlar\u0131, ya\u015fam alanlar\u0131 ve benzersiz \u00f6zellikleri de dahil olmak \u00fczere farkl\u0131 t\u00fcrler hakk\u0131nda bilgi verir. Brachiosaurus ne kadar b\u00fcy\u00fckt\u00fc? T\u00fcm dinozorlar et yer miydi? Fosil kay\u0131tlar\u0131 ger\u00e7ekten ne g\u00f6steriyor? \u00c7ocuklar, tarihi canland\u0131ran parlak, b\u00fcy\u00fcleyici \u00e7izimlerin tad\u0131n\u0131 \u00e7\u0131kar\u0131rken bu cevaplar\u0131 ke\u015ffetmeye bay\u0131lacaklar.     <\/p>\n<h3 data-start=\"1355\" data-end=\"1418\">Hristiyan Aileler i\u00e7in M\u00fckemmel Bir E\u011fitim Kayna\u011f\u0131<\/h3>\n<p data-start=\"1419\" data-end=\"1879\">Bir dinozor kitab\u0131ndan \u00e7ok daha fazlas\u0131 olan T\u00fcrk\u00e7e <em data-start=\"1451\" data-end=\"1472\">Tasar\u0131m\u0131yla Din<\/em> ozorlar, Hristiyan ebeveynler, \u00f6\u011fretmenler ve evde e\u011fitim g\u00f6renler i\u00e7in inanc\u0131 onaylayan bir kaynakt\u0131r. Bilimi Kutsal Yaz\u0131larla kusursuz bir \u015fekilde b\u00fct\u00fcnle\u015ftirerek \u00e7ocuklar\u0131n dinozorlar\u0131n Yarat\u0131l\u0131\u015f&#8217;tan Tufan&#8217;a kadar Tanr\u0131&#8217;n\u0131n plan\u0131na nas\u0131l uydu\u011funu anlamalar\u0131na yard\u0131mc\u0131 olur. \u0130ster aile okuma saati, ister Pazar okulu dersleri veya ev okulu m\u00fcfredat\u0131 i\u00e7in olsun, bu kitap Kutsal Kitap&#8217;a dayal\u0131 d\u00fcnya g\u00f6r\u00fc\u015f\u00fc \u00f6\u011frenimi i\u00e7in sa\u011flam bir temel sa\u011flar.  <\/p>\n","protected":false},"excerpt":{"rendered":"<p>30-Day Returns | Flat-Rate Shipping<\/p>\n","protected":false},"featured_media":1924,"comment_status":"open","ping_status":"closed","template":"","meta":{"_kad_blocks_custom_css":"","_kad_blocks_head_custom_js":"","_kad_blocks_body_custom_js":"","_kad_blocks_footer_custom_js":""},"product_brand":[],"product_cat":[158],"product_tag":[],"class_list":{"0":"post-3948","1":"product","2":"type-product","3":"status-publish","4":"has-post-thumbnail","6":"product_cat-turkish","8":"first","9":"instock","10":"taxable","11":"shipping-taxable","12":"purchasable","13":"product-type-simple"},"taxonomy_info":{"product_cat":[{"value":158,"label":"T\u00fcrk\u00e7e"}]},"featured_image_src_large":["https:\/\/www.shepherdsbooks.org\/wp-content\/uploads\/turkish-book-on-dinosaurs-for-sale.png",1000,750,false],"author_info":[],"comment_info":0,"_links":{"self":[{"href":"https:\/\/www.shepherdsbooks.org\/tr\/wp-json\/wp\/v2\/product\/3948","targetHints":{"allow":["GET"]}}],"collection":[{"href":"https:\/\/www.shepherdsbooks.org\/tr\/wp-json\/wp\/v2\/product"}],"about":[{"href":"https:\/\/www.shepherdsbooks.org\/tr\/wp-json\/wp\/v2\/types\/product"}],"replies":[{"embeddable":true,"href":"https:\/\/www.shepherdsbooks.org\/tr\/wp-json\/wp\/v2\/comments?post=3948"}],"wp:featuredmedia":[{"embeddable":true,"href":"https:\/\/www.shepherdsbooks.org\/tr\/wp-json\/wp\/v2\/media\/1924"}],"wp:attachment":[{"href":"https:\/\/www.shepherdsbooks.org\/tr\/wp-json\/wp\/v2\/media?parent=3948"}],"wp:term":[{"taxonomy":"product_brand","embeddable":true,"href":"https:\/\/www.shepherdsbooks.org\/tr\/wp-json\/wp\/v2\/product_brand?post=3948"},{"taxonomy":"product_cat","embeddable":true,"href":"https:\/\/www.shepherdsbooks.org\/tr\/wp-json\/wp\/v2\/product_cat?post=3948"},{"taxonomy":"product_tag","embeddable":true,"href":"https:\/\/www.shepherdsbooks.org\/tr\/wp-json\/wp\/v2\/product_tag?post=3948"}],"curies":[{"name":"wp","href":"https:\/\/api.w.org\/{rel}","templated":true}]}}